{"id":2084,"date":"2024-09-26T14:56:38","date_gmt":"2024-09-26T12:56:38","guid":{"rendered":"https:\/\/wentransport.com\/?page_id=2084"},"modified":"2025-07-02T11:57:00","modified_gmt":"2025-07-02T09:57:00","slug":"zgloszenia-nieprawidlowosci","status":"publish","type":"page","link":"https:\/\/wentransport.com\/?page_id=2084","title":{"rendered":"Zg\u0142oszenia Nieprawid\u0142owo\u015bci"},"content":{"rendered":"\t\t<div data-elementor-type=\"wp-page\" data-elementor-id=\"2084\" class=\"elementor elementor-2084\" data-elementor-settings=\"{&quot;ha_cmc_init_switcher&quot;:&quot;no&quot;}\">\n\t\t\t\t<div class=\"elementor-element elementor-element-396ce47 e-flex e-con-boxed wpr-particle-no wpr-jarallax-no wpr-parallax-no wpr-sticky-section-no wpr-equal-height-no e-con e-parent\" data-id=\"396ce47\" data-element_type=\"container\" data-e-type=\"container\" data-settings=\"{&quot;_ha_eqh_enable&quot;:false}\">\n\t\t\t\t\t<div class=\"e-con-inner\">\n\t\t<div class=\"elementor-element elementor-element-b1ade26 e-con-full e-flex wpr-particle-no wpr-jarallax-no wpr-parallax-no wpr-sticky-section-no wpr-equal-height-no e-con e-child\" data-id=\"b1ade26\" data-element_type=\"container\" data-e-type=\"container\" data-settings=\"{&quot;_ha_eqh_enable&quot;:false}\">\n\t\t\t\t<div class=\"elementor-element elementor-element-fcf2639 elementor-widget elementor-widget-spacer\" data-id=\"fcf2639\" data-element_type=\"widget\" data-e-type=\"widget\" data-widget_type=\"spacer.default\">\n\t\t\t\t<div class=\"elementor-widget-container\">\n\t\t\t\t\t\t\t<div class=\"elementor-spacer\">\n\t\t\t<div class=\"elementor-spacer-inner\"><\/div>\n\t\t<\/div>\n\t\t\t\t\t\t<\/div>\n\t\t\t\t<\/div>\n\t\t\t\t<div class=\"elementor-element elementor-element-39ea00a elementor-widget elementor-widget-eael-adv-accordion\" data-id=\"39ea00a\" data-element_type=\"widget\" data-e-type=\"widget\" data-widget_type=\"eael-adv-accordion.default\">\n\t\t\t\t<div class=\"elementor-widget-container\">\n\t\t\t\t\t            <div class=\"eael-adv-accordion\" id=\"eael-adv-accordion-39ea00a\" data-scroll-on-click=\"no\" data-scroll-speed=\"300\" data-accordion-id=\"39ea00a\" data-accordion-type=\"accordion\" data-toogle-speed=\"300\">\n            <div class=\"eael-accordion-list\">\n\t\t\t\t\t<div id=\"procedura-zgosze-wewntrznych-i-podejmowania-dziaa-nastpczych\" class=\"elementor-tab-title eael-accordion-header\" tabindex=\"0\" data-tab=\"1\" aria-controls=\"elementor-tab-content-6071\"><span class=\"eael-advanced-accordion-icon-closed\"><i aria-hidden=\"true\" class=\"fa-accordion-icon fas fa-plus\"><\/i><\/span><span class=\"eael-advanced-accordion-icon-opened\"><i aria-hidden=\"true\" class=\"fa-accordion-icon fas fa-minus\"><\/i><\/span><span class=\"eael-accordion-tab-title\">Procedura Zg\u0142osze\u0144 Wewn\u0119trznych i Podejmowania Dzia\u0142a\u0144 Nast\u0119pczych<\/span><i aria-hidden=\"true\" class=\"fa-toggle fas fa-angle-right\"><\/i><\/div><div id=\"elementor-tab-content-6071\" class=\"eael-accordion-content clearfix\" data-tab=\"1\" aria-labelledby=\"procedura-zgosze-wewntrznych-i-podejmowania-dziaa-nastpczych\"><p><span style=\"color: #013294\"><a style=\"color: #013294\" href=\"https:\/\/wentransport.com\/wp-content\/uploads\/2024\/12\/PODPISANY-prawidlowy-REGULAMIN-WEWNETRZNYCH-ZGLOSZEN-NARUSZENIA.pdf\">\u00a0REGULAMIN WEWN\u0118TRZNYCH ZG\u0141OSZE\u0143 NARUSZENIA<\/a><\/span><\/p><\/div>\n\t\t\t\t\t<\/div><div class=\"eael-accordion-list\">\n\t\t\t\t\t<div id=\"klauzula-informacyjna-o-zasadach-przetwarzania-danych-osobowych-sygnalisty\" class=\"elementor-tab-title eael-accordion-header\" tabindex=\"0\" data-tab=\"2\" aria-controls=\"elementor-tab-content-6072\"><span class=\"eael-advanced-accordion-icon-closed\"><i aria-hidden=\"true\" class=\"fa-accordion-icon fas fa-plus\"><\/i><\/span><span class=\"eael-advanced-accordion-icon-opened\"><i aria-hidden=\"true\" class=\"fa-accordion-icon fas fa-minus\"><\/i><\/span><span class=\"eael-accordion-tab-title\">Klauzula informacyjna o zasadach przetwarzania danych osobowych sygnalisty<\/span><i aria-hidden=\"true\" class=\"fa-toggle fas fa-angle-right\"><\/i><\/div><div id=\"elementor-tab-content-6072\" class=\"eael-accordion-content clearfix\" data-tab=\"2\" aria-labelledby=\"klauzula-informacyjna-o-zasadach-przetwarzania-danych-osobowych-sygnalisty\"><p><b>1.a.i.1.a.i.1.<\/b> Administratorem danych osobowych jest<\/p><p>WEN ELWIRA MUSZY\u0143SKA MALWINA MUSZY\u0143SKA SP. Z O. O.<br \/>Wilczycka 16 | 55-093 Kie\u0142cz\u00f3w | NIP PL 8961535841 | KRS 0001180763\u00a0, dalej: Administrator.<\/p><p><b>1.a.i.1.a.i.2.\u00a0<\/b>Wszelkie kwestie dotycz\u0105ce przetwarzania danych osobowych oraz korzystania z praw zwi\u0105zanych z przetwarzaniem danych osobowych mo\u017cna kierowa\u0107:<br \/>\u00b7 listownie na adres: WEN ELWIRA MUSZY\u0143SKA MALWINA MUSZY\u0143SKA SP. Z O. O.<br \/>Wilczycka 16 | 55-093 Kie\u0142cz\u00f3w<br \/>\u00b7 przez email:\u00a0<em>office@wentransport.com<\/em><\/p><p><b>1.a.i.1.a.i.3.\u00a0<\/b>Dane osobowe b\u0119d\u0105 przetwarzane na podstawie:<\/p><p>1) art. 6 ust. 1 lit. c) rozporz\u0105dzenia Parlamentu Europejskiego i Rady (UE) 2016\/679 z dnia 27 kwietnia 2016 r. w sprawie ochrony os\u00f3b fizycznych w zwi\u0105zku z przetwarzaniem danych osobowych i w sprawie swobodnego przep\u0142ywu takich danych oraz uchylenia dyrektywy 95\/46\/WE (og\u00f3lne rozporz\u0105dzenie o ochronie danych) (Dz. U. UE. L. z 2016 r. Nr 119, str. 1 z p\u00f3\u017an. zm.) &#8211; dalej RODO \u2013 obowi\u0105zek administratora, w zwi\u0105zku z przepisami ustawy z dnia 14 czerwca 2024 r. o ochronie sygnalist\u00f3w (Dz. U. poz. 928), w celu realizacji zada\u0144 zwi\u0105zanych z obs\u0142ug\u0105 zg\u0142osze\u0144 wewn\u0119trznych,<br \/>2) art. 9 ust. 2 lit. g) RODO w zwi\u0105zku z przepisami ustawy o ochronie sygnalist\u00f3w, je\u017celi takie dane osobowe zawarte s\u0105 w zg\u0142oszeniu sygnalisty.<\/p><p>2. Dane osobowe b\u0119d\u0105 udost\u0119pniane wy\u0142\u0105cznie podmiotom uprawnionym do ich przetwarzania na podstawie przepis\u00f3w prawa. Dane osobowe b\u0119d\u0105 udost\u0119pnione podmiotom zapewniaj\u0105cym, na podstawie um\u00f3w zawartych przez administratora, obs\u0142ug\u0119 dzia\u0142alno\u015bci administratora (np. dostawcy us\u0142ug informatycznych). Dane osobowe mog\u0105 by\u0107 udost\u0119pnione podmiotom zewn\u0119trznym wspieraj\u0105cym administratora w zakresie przyjmowania zg\u0142osze\u0144 wewn\u0119trznych. Dane osobowe b\u0119d\u0105 udost\u0119pniane odr\u0119bnym administratorom, tj. w\u0142a\u015bciwym organom, w przypadku podejmowania dzia\u0142a\u0144 nast\u0119pczych.<\/p><p>3. Dane osobowe b\u0119d\u0105 przechowywane przez okres 3 lat po zako\u0144czeniu roku kalendarzowego, w kt\u00f3rym zako\u0144czono dzia\u0142ania nast\u0119pcze, lub po zako\u0144czeniu post\u0119powa\u0144 zainicjowanych tymi dzia\u0142aniami.<\/p><p>4. Posiada Pani\/Pan prawo dost\u0119pu do tre\u015bci swoich danych oraz prawo ich sprostowania, usuni\u0119cia w przypadkach przewidzianych przepisami prawa oraz ograniczenia przetwarzania.<\/p><p>5. Posiada Pani\/Pan prawo wniesienia skargi do organu nadzorczego &#8211; Prezesa Urz\u0119du Ochrony Danych Osobowych, je\u017celi uzna Pani\/Pan, i\u017c przetwarzanie danych osobowych Pani\/Pana dotycz\u0105cych narusza przepisy RODO.<\/p><p>6. Podanie danych osobowych jest dobrowolne.<\/p><p>7. Dane osobowe nie b\u0119d\u0105 podlega\u0142y profilowaniu ani, na podstawie tych danych, nie b\u0119d\u0105 podejmowane decyzje w spos\u00f3b zautomatyzowany.<\/p><\/div>\n\t\t\t\t\t<\/div><div class=\"eael-accordion-list\">\n\t\t\t\t\t<div id=\"klauzula-informacyjna-o-zasadach-przetwarzania-danych-osobowych-sygnalisty-w-przypadku-ujawnienia-w-uzasadnionych-przypadkach-jego-tosamoci\" class=\"elementor-tab-title eael-accordion-header\" tabindex=\"0\" data-tab=\"3\" aria-controls=\"elementor-tab-content-6073\"><span class=\"eael-advanced-accordion-icon-closed\"><i aria-hidden=\"true\" class=\"fa-accordion-icon fas fa-plus\"><\/i><\/span><span class=\"eael-advanced-accordion-icon-opened\"><i aria-hidden=\"true\" class=\"fa-accordion-icon fas fa-minus\"><\/i><\/span><span class=\"eael-accordion-tab-title\">Klauzula informacyjna o zasadach przetwarzania danych osobowych sygnalisty w przypadku ujawnienia (w uzasadnionych przypadkach) jego to\u017csamo\u015bci<\/span><i aria-hidden=\"true\" class=\"fa-toggle fas fa-angle-right\"><\/i><\/div><div id=\"elementor-tab-content-6073\" class=\"eael-accordion-content clearfix\" data-tab=\"3\" aria-labelledby=\"klauzula-informacyjna-o-zasadach-przetwarzania-danych-osobowych-sygnalisty-w-przypadku-ujawnienia-w-uzasadnionych-przypadkach-jego-tosamoci\"><p>1. Administratorem danych osobowych jest WEN ELWIRA MUSZY\u0143SKA MALWINA MUSZY\u0143SKA SP. Z O. O.<br \/>Wilczycka 16 | 55-093 Kie\u0142cz\u00f3w | NIP PL 8961535841 | KRS 0001180763, dalej: Administrator.<\/p><p>2. Wszelkie kwestie dotycz\u0105ce przetwarzania danych osobowych oraz korzystania z praw zwi\u0105zanych z przetwarzaniem danych osobowych mo\u017cna kierowa\u0107:<\/p><p>\u00b7 listownie na adres: WEN ELWIRA MUSZY\u0143SKA MALWINA MUSZY\u0143SKA SP. Z O. O.<br \/>Wilczycka 16 | 55-093 Kie\u0142cz\u00f3w\u00a0<\/p><p>\u00b7 przez email:\u00a0office@wentransport.com<\/p><p>3. Dane osobowe b\u0119d\u0105 przetwarzane na podstawie:<\/p><p>1) art. 6 ust. 1 lit. a) rozporz\u0105dzenia Parlamentu Europejskiego i Rady (UE) 2016\/679 z dnia 27 kwietnia 2016 r. w sprawie ochrony os\u00f3b fizycznych w zwi\u0105zku z przetwarzaniem danych osobowych i w sprawie swobodnego przep\u0142ywu takich danych oraz uchylenia dyrektywy 95\/46\/WE (og\u00f3lne rozporz\u0105dzenie o ochronie danych) (Dz. U. UE. L. z 2016 r. Nr 119, str. 1 z p\u00f3\u017an. zm.) &#8211; dalej RODO (zgoda na ujawnienie to\u017csamo\u015bci), w zwi\u0105zku z przepisami ustawy z dnia 14 czerwca 2024 r. o ochronie sygnalist\u00f3w (Dz. U. poz. 928), w celu realizacji zada\u0144 zwi\u0105zanych z obs\u0142ug\u0105 zg\u0142osze\u0144 wewn\u0119trznych, w tym ujawnienia, w uzasadnionych przypadkach, to\u017csamo\u015bci sygnalisty.<\/p><p>4. Dane osobowe b\u0119d\u0105 udost\u0119pniane wy\u0142\u0105cznie podmiotom uprawnionym do ich przetwarzania na podstawie przepis\u00f3w prawa. Dane osobowe b\u0119d\u0105 udost\u0119pnione podmiotom zapewniaj\u0105cym, na podstawie um\u00f3w zawartych przez administratora, obs\u0142ug\u0119 dzia\u0142alno\u015bci administratora (np. dostawcy us\u0142ug informatycznych). Dane osobowe mog\u0105 by\u0107 udost\u0119pnione podmiotom zewn\u0119trznym wspieraj\u0105cym administratora w zakresie przyjmowania zg\u0142osze\u0144 wewn\u0119trznych. Dane osobowe b\u0119d\u0105 udost\u0119pniane odr\u0119bnym administratorom, tj. w\u0142a\u015bciwym organom, w przypadku podejmowania dzia\u0142a\u0144 nast\u0119pczych, dane osobowe pozwalaj\u0105ce na ustalenie to\u017csamo\u015bci sygnalisty mog\u0105 by\u0107 udost\u0119pnione osobom, kt\u00f3rych dotyczy zg\u0142oszenie lub wskazanym w zg\u0142oszeniu.<\/p><p>5. Dane osobowe b\u0119d\u0105 przechowywane przez okres 3 lat po zako\u0144czeniu roku kalendarzowego, w kt\u00f3rym zako\u0144czono dzia\u0142ania nast\u0119pcze, lub po zako\u0144czeniu post\u0119powa\u0144 zainicjowanych tymi dzia\u0142aniami.<\/p><p>6. Posiada Pani\/Pan prawo dost\u0119pu do tre\u015bci swoich danych oraz prawo ich sprostowania, usuni\u0119cia w przypadkach przewidzianych przepisami prawa oraz ograniczenia przetwarzania, oraz wycofania zgody w dowolnym momencie. Wycofanie zgody nie ma wp\u0142ywu na zgodno\u015b\u0107 z prawem przetwarzania dokonanego przed jej wycofaniem. W przypadku wycofania zgody na ujawnienie Pani\/Pana to\u017csamo\u015bci, dane osobowe nie b\u0119d\u0105 udost\u0119pniane (od momentu wycofania zgody).<\/p><p>7. Posiada Pani\/Pan prawo wniesienia skargi do organu nadzorczego &#8211; Prezesa Urz\u0119du Ochrony Danych Osobowych, je\u017celi uzna Pani\/Pan, i\u017c przetwarzanie danych osobowych Pani\/Pana dotycz\u0105cych narusza przepisy RODO.<\/p><p>8. Podanie danych osobowych jest dobrowolne.<\/p><p>9. Dane osobowe nie b\u0119d\u0105 podlega\u0142y profilowaniu ani, na podstawie tych danych, nie b\u0119d\u0105 podejmowane decyzje w spos\u00f3b zautomatyzowany.<\/p><\/div>\n\t\t\t\t\t<\/div><\/div>\t\t\t\t<\/div>\n\t\t\t\t<\/div>\n\t\t\t\t<\/div>\n\t\t\t\t\t<\/div>\n\t\t\t\t<\/div>\n\t\t<div class=\"elementor-element elementor-element-1eeb3777 e-flex e-con-boxed wpr-particle-no wpr-jarallax-no wpr-parallax-no wpr-sticky-section-no wpr-equal-height-no e-con e-parent\" data-id=\"1eeb3777\" data-element_type=\"container\" data-e-type=\"container\" data-settings=\"{&quot;_ha_eqh_enable&quot;:false}\">\n\t\t\t\t\t<div class=\"e-con-inner\">\n\t\t\t\t\t<\/div>\n\t\t\t\t<\/div>\n\t\t\t\t<\/div>\n\t\t","protected":false},"excerpt":{"rendered":"<p>Procedura Zg\u0142osze\u0144 Wewn\u0119trznych i Podejmowania Dzia\u0142a\u0144 Nast\u0119pczych \u00a0REGULAMIN WEWN\u0118TRZNYCH ZG\u0141OSZE\u0143 NARUSZENIA Klauzula informacyjna o zasadach przetwarzania danych osobowych sygnalisty 1.a.i.1.a.i.1. Administratorem danych osobowych jest WEN ELWIRA MUSZY\u0143SKA MALWINA MUSZY\u0143SKA SP. Z O. O.Wilczycka 16 | 55-093 Kie\u0142cz\u00f3w | NIP PL 8961535841 | KRS 0001180763\u00a0, dalej: Administrator. 1.a.i.1.a.i.2.\u00a0Wszelkie kwestie dotycz\u0105ce przetwarzania danych osobowych oraz korzystania z praw zwi\u0105zanych z przetwarzaniem danych osobowych mo\u017cna kierowa\u0107:\u00b7 listownie na adres: WEN ELWIRA MUSZY\u0143SKA MALWINA MUSZY\u0143SKA SP. Z O. O.Wilczycka 16 | 55-093 Kie\u0142cz\u00f3w\u00b7 przez email:\u00a0office@wentransport.com 1.a.i.1.a.i.3.\u00a0Dane osobowe b\u0119d\u0105 przetwarzane na podstawie: 1) art. 6 ust. 1 lit. c) rozporz\u0105dzenia Parlamentu Europejskiego i Rady (UE) 2016\/679 z dnia 27 kwietnia 2016 r. w sprawie ochrony os\u00f3b fizycznych w zwi\u0105zku z przetwarzaniem danych osobowych i w sprawie swobodnego przep\u0142ywu takich danych oraz uchylenia dyrektywy 95\/46\/WE (og\u00f3lne rozporz\u0105dzenie o ochronie danych) (Dz. U. UE. L. z 2016 r. Nr 119, str. 1 z p\u00f3\u017an. zm.) &#8211; dalej RODO \u2013 obowi\u0105zek administratora, w zwi\u0105zku z przepisami ustawy z dnia 14 czerwca 2024 r. o ochronie sygnalist\u00f3w (Dz. U. poz. 928), w celu realizacji zada\u0144 zwi\u0105zanych z obs\u0142ug\u0105 zg\u0142osze\u0144 wewn\u0119trznych,2) art. 9 ust. 2 lit. g) RODO w zwi\u0105zku z przepisami ustawy o ochronie sygnalist\u00f3w, je\u017celi takie dane osobowe zawarte s\u0105 w zg\u0142oszeniu sygnalisty. 2. Dane osobowe b\u0119d\u0105 udost\u0119pniane wy\u0142\u0105cznie podmiotom uprawnionym do ich przetwarzania na podstawie przepis\u00f3w prawa. Dane osobowe b\u0119d\u0105 udost\u0119pnione podmiotom zapewniaj\u0105cym, na podstawie um\u00f3w zawartych przez administratora, obs\u0142ug\u0119 dzia\u0142alno\u015bci administratora (np. dostawcy us\u0142ug informatycznych). Dane osobowe mog\u0105 by\u0107 udost\u0119pnione podmiotom zewn\u0119trznym wspieraj\u0105cym administratora w zakresie przyjmowania zg\u0142osze\u0144 wewn\u0119trznych. Dane osobowe b\u0119d\u0105 udost\u0119pniane odr\u0119bnym administratorom, tj. w\u0142a\u015bciwym organom, w przypadku podejmowania dzia\u0142a\u0144 nast\u0119pczych. 3. Dane osobowe b\u0119d\u0105 przechowywane przez okres 3 lat po zako\u0144czeniu roku kalendarzowego, w kt\u00f3rym zako\u0144czono dzia\u0142ania nast\u0119pcze, lub po zako\u0144czeniu post\u0119powa\u0144 zainicjowanych tymi dzia\u0142aniami. 4. Posiada Pani\/Pan prawo dost\u0119pu do tre\u015bci swoich danych oraz prawo ich sprostowania, usuni\u0119cia w przypadkach przewidzianych przepisami prawa oraz ograniczenia przetwarzania. 5. Posiada Pani\/Pan prawo wniesienia skargi do organu nadzorczego &#8211; Prezesa Urz\u0119du Ochrony Danych Osobowych, je\u017celi uzna Pani\/Pan, i\u017c przetwarzanie danych osobowych Pani\/Pana dotycz\u0105cych narusza przepisy RODO. 6. Podanie danych osobowych jest dobrowolne. 7. Dane osobowe nie b\u0119d\u0105 podlega\u0142y profilowaniu ani, na podstawie tych danych, nie b\u0119d\u0105 podejmowane decyzje w spos\u00f3b zautomatyzowany. Klauzula informacyjna o zasadach przetwarzania danych osobowych sygnalisty w przypadku ujawnienia (w uzasadnionych przypadkach) jego to\u017csamo\u015bci 1. Administratorem danych osobowych jest WEN ELWIRA MUSZY\u0143SKA MALWINA MUSZY\u0143SKA SP. Z O. O.Wilczycka 16 | 55-093 Kie\u0142cz\u00f3w | NIP PL 8961535841 | KRS 0001180763, dalej: Administrator. 2. Wszelkie kwestie dotycz\u0105ce przetwarzania danych osobowych oraz korzystania z praw zwi\u0105zanych z przetwarzaniem danych osobowych mo\u017cna kierowa\u0107: \u00b7 listownie na adres: WEN ELWIRA MUSZY\u0143SKA MALWINA MUSZY\u0143SKA SP. Z O. O.Wilczycka 16 | 55-093 Kie\u0142cz\u00f3w\u00a0 \u00b7 przez email:\u00a0office@wentransport.com 3. Dane osobowe b\u0119d\u0105 przetwarzane na podstawie: 1) art. 6 ust. 1 lit. a) rozporz\u0105dzenia Parlamentu Europejskiego i Rady (UE) 2016\/679 z dnia 27 kwietnia 2016 r. w sprawie ochrony os\u00f3b fizycznych w zwi\u0105zku z przetwarzaniem danych osobowych i w sprawie swobodnego przep\u0142ywu takich danych oraz uchylenia dyrektywy 95\/46\/WE (og\u00f3lne rozporz\u0105dzenie o ochronie danych) (Dz. U. UE. L. z 2016 r. Nr 119, str. 1 z p\u00f3\u017an. zm.) &#8211; dalej RODO (zgoda na ujawnienie to\u017csamo\u015bci), w zwi\u0105zku z przepisami ustawy z dnia 14 czerwca 2024 r. o ochronie sygnalist\u00f3w (Dz. U. poz. 928), w celu realizacji zada\u0144 zwi\u0105zanych z obs\u0142ug\u0105 zg\u0142osze\u0144 wewn\u0119trznych, w tym ujawnienia, w uzasadnionych przypadkach, to\u017csamo\u015bci sygnalisty. 4. Dane osobowe b\u0119d\u0105 udost\u0119pniane wy\u0142\u0105cznie podmiotom uprawnionym do ich przetwarzania na podstawie przepis\u00f3w prawa. Dane osobowe b\u0119d\u0105 udost\u0119pnione podmiotom zapewniaj\u0105cym, na podstawie um\u00f3w zawartych przez administratora, obs\u0142ug\u0119 dzia\u0142alno\u015bci administratora (np. dostawcy us\u0142ug informatycznych). Dane osobowe mog\u0105 by\u0107 udost\u0119pnione podmiotom zewn\u0119trznym wspieraj\u0105cym administratora w zakresie przyjmowania zg\u0142osze\u0144 wewn\u0119trznych. Dane osobowe b\u0119d\u0105 udost\u0119pniane odr\u0119bnym administratorom, tj. w\u0142a\u015bciwym organom, w przypadku podejmowania dzia\u0142a\u0144 nast\u0119pczych, dane osobowe pozwalaj\u0105ce na ustalenie to\u017csamo\u015bci sygnalisty mog\u0105 by\u0107 udost\u0119pnione osobom, kt\u00f3rych dotyczy zg\u0142oszenie lub wskazanym w zg\u0142oszeniu. 5. Dane osobowe b\u0119d\u0105 przechowywane przez okres 3 lat po zako\u0144czeniu roku kalendarzowego, w kt\u00f3rym zako\u0144czono dzia\u0142ania nast\u0119pcze, lub po zako\u0144czeniu post\u0119powa\u0144 zainicjowanych tymi dzia\u0142aniami. 6. Posiada Pani\/Pan prawo dost\u0119pu do tre\u015bci swoich danych oraz prawo ich sprostowania, usuni\u0119cia w przypadkach przewidzianych przepisami prawa oraz ograniczenia przetwarzania, oraz wycofania zgody w dowolnym momencie. Wycofanie zgody nie ma wp\u0142ywu na zgodno\u015b\u0107 z prawem przetwarzania dokonanego przed jej wycofaniem. W przypadku wycofania zgody na ujawnienie Pani\/Pana to\u017csamo\u015bci, dane osobowe nie b\u0119d\u0105 udost\u0119pniane (od momentu wycofania zgody). 7. Posiada Pani\/Pan prawo wniesienia skargi do organu nadzorczego &#8211; Prezesa Urz\u0119du Ochrony Danych Osobowych, je\u017celi uzna Pani\/Pan, i\u017c przetwarzanie danych osobowych Pani\/Pana dotycz\u0105cych narusza przepisy RODO. 8. Podanie danych osobowych jest dobrowolne. 9. Dane osobowe nie b\u0119d\u0105 podlega\u0142y profilowaniu ani, na podstawie tych danych, nie b\u0119d\u0105 podejmowane decyzje w spos\u00f3b zautomatyzowany.<\/p>\n","protected":false},"author":1,"featured_media":0,"parent":0,"menu_order":0,"comment_status":"closed","ping_status":"closed","template":"","meta":{"footnotes":""},"class_list":["post-2084","page","type-page","status-publish","hentry","entry"],"_links":{"self":[{"href":"https:\/\/wentransport.com\/index.php?rest_route=\/wp\/v2\/pages\/2084","targetHints":{"allow":["GET"]}}],"collection":[{"href":"https:\/\/wentransport.com\/index.php?rest_route=\/wp\/v2\/pages"}],"about":[{"href":"https:\/\/wentransport.com\/index.php?rest_route=\/wp\/v2\/types\/page"}],"author":[{"embeddable":true,"href":"https:\/\/wentransport.com\/index.php?rest_route=\/wp\/v2\/users\/1"}],"replies":[{"embeddable":true,"href":"https:\/\/wentransport.com\/index.php?rest_route=%2Fwp%2Fv2%2Fcomments&post=2084"}],"version-history":[{"count":39,"href":"https:\/\/wentransport.com\/index.php?rest_route=\/wp\/v2\/pages\/2084\/revisions"}],"predecessor-version":[{"id":5192,"href":"https:\/\/wentransport.com\/index.php?rest_route=\/wp\/v2\/pages\/2084\/revisions\/5192"}],"wp:attachment":[{"href":"https:\/\/wentransport.com\/index.php?rest_route=%2Fwp%2Fv2%2Fmedia&parent=2084"}],"curies":[{"name":"wp","href":"https:\/\/api.w.org\/{rel}","templated":true}]}}